{"id":3647,"date":"2020-10-20T21:31:00","date_gmt":"2020-10-21T01:31:00","guid":{"rendered":"https:\/\/attestra.com\/documentation\/"},"modified":"2025-08-06T09:30:18","modified_gmt":"2025-08-06T13:30:18","slug":"documentation","status":"publish","type":"page","link":"https:\/\/attestra.com\/en\/documentation\/","title":{"rendered":"Documentation"},"content":{"rendered":"\t\t<div data-elementor-type=\"wp-page\" data-elementor-id=\"3647\" class=\"elementor elementor-3647 elementor-18\" data-elementor-post-type=\"page\">\n\t\t\t\t\t\t<section data-particle_enable=\"false\" data-particle-mobile-disabled=\"false\" class=\"elementor-section elementor-top-section elementor-element elementor-element-acc887f elementor-section-height-min-height elementor-section-content-middle elementor-section-boxed elementor-section-height-default elementor-section-items-middle\" data-id=\"acc887f\" data-element_type=\"section\" data-e-type=\"section\" data-settings=\"{&quot;background_background&quot;:&quot;classic&quot;}\">\n\t\t\t\t\t\t<div class=\"elementor-container elementor-column-gap-default\">\n\t\t\t\t\t<div class=\"elementor-column elementor-col-50 elementor-top-column elementor-element elementor-element-fde20bf\" data-id=\"fde20bf\" data-element_type=\"column\" data-e-type=\"column\">\n\t\t\t<div class=\"elementor-widget-wrap elementor-element-populated\">\n\t\t\t\t\t\t<div class=\"elementor-element elementor-element-58a82e1 elementor-widget elementor-widget-heading\" data-id=\"58a82e1\" data-element_type=\"widget\" data-e-type=\"widget\" data-widget_type=\"heading.default\">\n\t\t\t\t<div class=\"elementor-widget-container\">\n\t\t\t\t\t<h2 class=\"elementor-heading-title elementor-size-default\">Documentation<\/h2>\t\t\t\t<\/div>\n\t\t\t\t<\/div>\n\t\t\t\t\t<\/div>\n\t\t<\/div>\n\t\t\t\t<div class=\"elementor-column elementor-col-50 elementor-top-column elementor-element elementor-element-7fa7e96 elementor-hidden-tablet elementor-hidden-phone\" data-id=\"7fa7e96\" data-element_type=\"column\" data-e-type=\"column\">\n\t\t\t<div class=\"elementor-widget-wrap\">\n\t\t\t\t\t\t\t<\/div>\n\t\t<\/div>\n\t\t\t\t\t<\/div>\n\t\t<\/section>\n\t\t\t\t<section data-particle_enable=\"false\" data-particle-mobile-disabled=\"false\" class=\"elementor-section elementor-top-section elementor-element elementor-element-5882f39 elementor-section-boxed elementor-section-height-default elementor-section-height-default\" data-id=\"5882f39\" data-element_type=\"section\" data-e-type=\"section\" data-settings=\"{&quot;background_background&quot;:&quot;classic&quot;}\">\n\t\t\t\t\t\t<div class=\"elementor-container elementor-column-gap-default\">\n\t\t\t\t\t<div class=\"elementor-column elementor-col-100 elementor-top-column elementor-element elementor-element-1c12971\" data-id=\"1c12971\" data-element_type=\"column\" data-e-type=\"column\">\n\t\t\t<div class=\"elementor-widget-wrap elementor-element-populated\">\n\t\t\t\t\t\t<div class=\"elementor-element elementor-element-67f24df attestra-posts recherche-gradient elementor-widget elementor-widget-eael-post-list\" data-id=\"67f24df\" data-element_type=\"widget\" data-e-type=\"widget\" data-widget_type=\"eael-post-list.default\">\n\t\t\t\t<div class=\"elementor-widget-container\">\n\t\t\t\t\t<div class=\"eael-post-list-container advanced layout-advanced\"><div class=\"eael-post-list-header\"><div class=\"post-categories eael-categories-layout-horizontal\" data-nonce=\"d68f554c28\" data-page-id=\"3647\" data-widget-id=\"67f24df\" data-widget=\"67f24df\" data-class=\"Essential_Addons_Elementor\\Pro\\Elements\\Post_List\" data-args=\"orderby=title&amp;order=asc&amp;ignore_sticky_posts=1&amp;post_status=publish&amp;posts_per_page=8&amp;offset=0&amp;post_type=att_documentation&amp;tax_query%5B0%5D%5Btaxonomy%5D=att_docs_categorie&amp;tax_query%5B0%5D%5Bfield%5D=term_id&amp;tax_query%5B0%5D%5Bterms%5D%5B0%5D=20&amp;tax_query%5B0%5D%5Bterms%5D%5B1%5D=21&amp;tax_query%5B0%5D%5Bterms%5D%5B2%5D=23&amp;tax_query%5Brelation%5D=AND\" data-settings=\"eael_post_list_post_feature_image=yes&amp;eael_post_list_post_meta=&amp;eael_post_list_post_title=yes&amp;eael_post_list_post_excerpt=yes&amp;eael_post_list_post_excerpt_length=20&amp;eael_post_list_pagination=navigation&amp;eael_post_list_layout_type=advanced&amp;eael_post_list_post_cat=&amp;eael_post_list_author_meta=&amp;eael_post_list_title_tag=h2&amp;eael_show_read_more_button=yes&amp;eael_post_list_read_more_text=Read+more...&amp;eael_post_list_excerpt_expanison_indicator=...&amp;eael_post_featured_image_size=large\" data-page=\"1\" data-scroll-on-pagination=\"0\" data-scroll-offset=\"100\" data-template=\"{&quot;dir&quot;:&quot;pro&quot;,&quot;file_name&quot;:&quot;advanced.php&quot;,&quot;name&quot;:&quot;Post-List&quot;}\" data-breakpoints=\"{&quot;mobile&quot;:{&quot;label&quot;:&quot;Mobile Portrait&quot;,&quot;value&quot;:767,&quot;direction&quot;:&quot;max&quot;},&quot;tablet&quot;:{&quot;label&quot;:&quot;Tablet Portrait&quot;,&quot;value&quot;:1024,&quot;direction&quot;:&quot;max&quot;},&quot;desktop&quot;:{&quot;label&quot;:&quot;Desktop&quot;,&quot;value&quot;:1025,&quot;direction&quot;:&quot;min&quot;}}\" data-layout-settings=\"{&quot;mobile&quot;:&quot;vertical&quot;,&quot;tablet&quot;:&quot;horizontal&quot;,&quot;desktop&quot;:&quot;horizontal&quot;}\">\n                            <a href=\"javascript:;\" data-taxonomy=\"all\" data-id=\"\" class=\"active post-list-filter-item post-list-cat-67f24df\">All<\/a><a href=\"javascript:;\" data-taxonomy=\"att_docs_categorie\" data-id=\"20\" class=\"animaux d&#039;\u00e9l\u00e9vage post-list-filter-item post-list-cat-67f24df\">Animaux d&#039;\u00e9l\u00e9vage<\/a><a href=\"javascript:;\" data-taxonomy=\"att_docs_categorie\" data-id=\"21\" class=\"sols contamin\u00e9s post-list-filter-item post-list-cat-67f24df\">Sols contamin\u00e9s<\/a><a href=\"javascript:;\" data-taxonomy=\"att_docs_categorie\" data-id=\"23\" class=\"projets pilotes post-list-filter-item post-list-cat-67f24df\">Projets Pilotes<\/a><\/div><\/div><div class=\"eael-post-list-wrap\"><div class=\"eael-post-list-posts-wrap eael-post-appender eael-post-appender-67f24df\"><div class=\"eael-post-list-post \"><div class=\"eael-post-list-post-inner\"><div class=\"eael-post-list-thumbnail \"><a href=\"https:\/\/attestra.com\/en\/documentation\/contaminated-soil\/\">\n                <img decoding=\"async\" src=\"https:\/\/attestra.com\/wp-content\/uploads\/2020\/11\/attestra-documents-sols.jpg\" alt=\"\">\n            <\/a><\/div><div class=\"eael-post-list-content\"><h2 class=\"eael-post-list-title\"><a href=\"https:\/\/attestra.com\/en\/documentation\/contaminated-soil\/\" >Contaminated Soil<\/a><\/h2><p>Consult the Traceability of excavated contaminated soil section of our website<\/p><a href=\"https:\/\/attestra.com\/en\/documentation\/contaminated-soil\/\" class=\"eael-post-elements-readmore-btn\" >Read more...<\/a><div class=\"boxed-meta\"><\/div><\/div><\/div><\/div><div class=\"eael-post-list-post \"><div class=\"eael-post-list-post-inner\"><div class=\"eael-post-list-thumbnail \"><a href=\"https:\/\/attestra.com\/en\/documentation\/livertock-bovine-production\/\">\n                <img decoding=\"async\" src=\"https:\/\/attestra.com\/wp-content\/uploads\/2020\/11\/attestra-images-generiques-bovin-3.jpg\" alt=\"\">\n            <\/a><\/div><div class=\"eael-post-list-content\"><h2 class=\"eael-post-list-title\"><a href=\"https:\/\/attestra.com\/en\/documentation\/livertock-bovine-production\/\" >Livestock | Bovine Production<\/a><\/h2><p>Attestra develops, implements and maintains a traceability system that provides the following advantages: Quickly contains and eliminates a crisis, enabling...<\/p><a href=\"https:\/\/attestra.com\/en\/documentation\/livertock-bovine-production\/\" class=\"eael-post-elements-readmore-btn\" >Read more...<\/a><div class=\"boxed-meta\"><\/div><\/div><\/div><\/div><div class=\"eael-post-list-post \"><div class=\"eael-post-list-post-inner\"><div class=\"eael-post-list-thumbnail \"><a href=\"https:\/\/attestra.com\/en\/documentation\/livestock-cervid-production\/\">\n                <img decoding=\"async\" src=\"https:\/\/attestra.com\/wp-content\/uploads\/2020\/11\/attestra-images-generiques-cervides-3.jpg\" alt=\"\">\n            <\/a><\/div><div class=\"eael-post-list-content\"><h2 class=\"eael-post-list-title\"><a href=\"https:\/\/attestra.com\/en\/documentation\/livestock-cervid-production\/\" >Livestock | Cervid Production<\/a><\/h2><p>Attestra develops, implements and maintains a traceability system that provides the following advantages: Quickly contains and eliminates a crisis, enabling...<\/p><a href=\"https:\/\/attestra.com\/en\/documentation\/livestock-cervid-production\/\" class=\"eael-post-elements-readmore-btn\" >Read more...<\/a><div class=\"boxed-meta\"><\/div><\/div><\/div><\/div><div class=\"eael-post-list-post \"><div class=\"eael-post-list-post-inner\"><div class=\"eael-post-list-thumbnail \"><a href=\"https:\/\/attestra.com\/en\/documentation\/livestock-ovine-production\/\">\n                <img decoding=\"async\" src=\"https:\/\/attestra.com\/wp-content\/uploads\/2020\/11\/attestra-documents-ovins.jpg\" alt=\"\">\n            <\/a><\/div><div class=\"eael-post-list-content\"><h2 class=\"eael-post-list-title\"><a href=\"https:\/\/attestra.com\/en\/documentation\/livestock-ovine-production\/\" >Livestock | Ovine Production<\/a><\/h2><p>Attestra develops, implements and maintains a traceability system that provides the following advantages: Quickly contains and eliminates a crisis, enabling...<\/p><a href=\"https:\/\/attestra.com\/en\/documentation\/livestock-ovine-production\/\" class=\"eael-post-elements-readmore-btn\" >Read more...<\/a><div class=\"boxed-meta\"><\/div><\/div><\/div><\/div><div class=\"eael-post-list-post \"><div class=\"eael-post-list-post-inner\"><div class=\"eael-post-list-thumbnail \"><a href=\"https:\/\/attestra.com\/en\/documentation\/pilot-projects\/\">\n                <img decoding=\"async\" src=\"https:\/\/attestra.com\/wp-content\/uploads\/2020\/11\/attestra-documents-pilotes.jpg\" alt=\"\">\n            <\/a><\/div><div class=\"eael-post-list-content\"><h2 class=\"eael-post-list-title\"><a href=\"https:\/\/attestra.com\/en\/documentation\/pilot-projects\/\" >Pilot Projects<\/a><\/h2><p>Pilot Projects Attestra plays an active role in conducting pilot projects, in partnership with farmers, industry stakeholders and government representatives....<\/p><a href=\"https:\/\/attestra.com\/en\/documentation\/pilot-projects\/\" class=\"eael-post-elements-readmore-btn\" >Read more...<\/a><div class=\"boxed-meta\"><\/div><\/div><\/div><\/div><\/div><\/div>\n\t\t<\/div><div data-nonce=\"d68f554c28\" class=\"post-list-pagination\" data-widget-id=\"67f24df\" data-widget=\"67f24df\" data-page-id=\"3647\" data-class=\"Essential_Addons_Elementor\\Pro\\Elements\\Post_List\" data-args=\"orderby=title&amp;order=asc&amp;ignore_sticky_posts=1&amp;post_status=publish&amp;posts_per_page=8&amp;offset=0&amp;post_type=att_documentation&amp;tax_query%5B0%5D%5Btaxonomy%5D=att_docs_categorie&amp;tax_query%5B0%5D%5Bfield%5D=term_id&amp;tax_query%5B0%5D%5Bterms%5D%5B0%5D=20&amp;tax_query%5B0%5D%5Bterms%5D%5B1%5D=21&amp;tax_query%5B0%5D%5Bterms%5D%5B2%5D=23&amp;tax_query%5Brelation%5D=AND\" data-settings=\"eael_post_list_post_feature_image=yes&amp;eael_post_list_post_meta=&amp;eael_post_list_post_title=yes&amp;eael_post_list_post_excerpt=yes&amp;eael_post_list_post_excerpt_length=20&amp;eael_post_list_pagination=navigation&amp;eael_post_list_layout_type=advanced&amp;eael_post_list_post_cat=&amp;eael_post_list_author_meta=&amp;eael_post_list_title_tag=h2&amp;eael_show_read_more_button=yes&amp;eael_post_list_read_more_text=Read+more...&amp;eael_post_list_excerpt_expanison_indicator=...&amp;eael_post_featured_image_size=large\" data-page=\"1\" data-scroll-on-pagination=\"0\" data-scroll-offset=\"100\" data-template=\"{&quot;dir&quot;:&quot;pro&quot;,&quot;file_name&quot;:&quot;advanced.php&quot;,&quot;name&quot;:&quot;Post-List&quot;}\">\n            <button class=\"btn btn-prev-post\" id=\"post-nav-prev-67f24df\" disabled=\"true\" aria-label=\"previous\"><i aria-hidden=\"true\" class=\"fas fa-angle-double-left\"><\/i><\/button><button class=\"btn btn-next-post\" id=\"post-nav-next-67f24df\" aria-label=\"next\"><i aria-hidden=\"true\" class=\"fas fa-angle-double-right\"><\/i><\/button>\n        <\/div>\t\t\t\t<\/div>\n\t\t\t\t<\/div>\n\t\t\t\t\t<\/div>\n\t\t<\/div>\n\t\t\t\t\t<\/div>\n\t\t<\/section>\n\t\t\t\t<\/div>\n\t\t","protected":false},"excerpt":{"rendered":"<p>Documentation AllAnimaux d&#039;\u00e9l\u00e9vageSols contamin\u00e9sProjets Pilotes Animaux d\u2019\u00e9levage | Production bovine Attestra d\u00e9veloppe, met en place et maintient un syst\u00e8me de tra\u00e7abilit\u00e9 qui procure les avantages suivants : circonscrire et \u00e9liminer&#8230; Read more&#8230; Animaux d\u2019\u00e9levage | Production de cervid\u00e9s Attestra d\u00e9veloppe, met en place et maintient un syst\u00e8me de tra\u00e7abilit\u00e9 qui procure les avantages suivants : [&hellip;]<\/p>\n","protected":false},"author":1,"featured_media":0,"parent":0,"menu_order":5,"comment_status":"closed","ping_status":"closed","template":"elementor_header_footer","meta":{"_acf_changed":false,"footnotes":""},"class_list":["post-3647","page","type-page","status-publish","hentry"],"acf":[],"yoast_head":"<title>Documentation - Attestra<\/title>\n<meta name=\"robots\" content=\"index, follow, max-snippet:-1, max-image-preview:large, max-video-preview:-1\" \/>\n<link rel=\"canonical\" href=\"https:\/\/attestra.com\/en\/documentation\/\" \/>\n<meta property=\"og:locale\" content=\"en_US\" \/>\n<meta property=\"og:type\" content=\"article\" \/>\n<meta property=\"og:title\" content=\"Documentation - Attestra\" \/>\n<meta property=\"og:description\" content=\"Documentation AllAnimaux d&#039;\u00e9l\u00e9vageSols contamin\u00e9sProjets Pilotes Animaux d\u2019\u00e9levage | Production bovine Attestra d\u00e9veloppe, met en place et maintient un syst\u00e8me de tra\u00e7abilit\u00e9 qui procure les avantages suivants : circonscrire et \u00e9liminer&#8230; Read more&#8230; Animaux d\u2019\u00e9levage | Production de cervid\u00e9s Attestra d\u00e9veloppe, met en place et maintient un syst\u00e8me de tra\u00e7abilit\u00e9 qui procure les avantages suivants : [&hellip;]\" \/>\n<meta property=\"og:url\" content=\"https:\/\/attestra.com\/en\/documentation\/\" \/>\n<meta property=\"og:site_name\" content=\"Attestra\" \/>\n<meta property=\"article:modified_time\" content=\"2025-08-06T13:30:18+00:00\" \/>\n<meta property=\"og:image\" content=\"https:\/\/attestra.com\/wp-content\/uploads\/2020\/11\/attestra-images-generiques-bovin-3.jpg\" \/>\n<meta name=\"twitter:card\" content=\"summary_large_image\" \/>\n<meta name=\"twitter:label1\" content=\"Est. reading time\" \/>\n\t<meta name=\"twitter:data1\" content=\"1 minute\" \/>\n<script type=\"application\/ld+json\" class=\"yoast-schema-graph\">{\"@context\":\"https:\/\/schema.org\",\"@graph\":[{\"@type\":\"WebPage\",\"@id\":\"https:\/\/attestra.com\/en\/documentation\/\",\"url\":\"https:\/\/attestra.com\/en\/documentation\/\",\"name\":\"Documentation - Attestra\",\"isPartOf\":{\"@id\":\"https:\/\/attestra.com\/en\/#website\"},\"primaryImageOfPage\":{\"@id\":\"https:\/\/attestra.com\/en\/documentation\/#primaryimage\"},\"image\":{\"@id\":\"https:\/\/attestra.com\/en\/documentation\/#primaryimage\"},\"thumbnailUrl\":\"https:\/\/attestra.com\/wp-content\/uploads\/2020\/11\/attestra-images-generiques-bovin-3.jpg\",\"datePublished\":\"2020-10-21T01:31:00+00:00\",\"dateModified\":\"2025-08-06T13:30:18+00:00\",\"breadcrumb\":{\"@id\":\"https:\/\/attestra.com\/en\/documentation\/#breadcrumb\"},\"inLanguage\":\"en-US\",\"potentialAction\":[{\"@type\":\"ReadAction\",\"target\":[\"https:\/\/attestra.com\/en\/documentation\/\"]}]},{\"@type\":\"ImageObject\",\"inLanguage\":\"en-US\",\"@id\":\"https:\/\/attestra.com\/en\/documentation\/#primaryimage\",\"url\":\"https:\/\/attestra.com\/wp-content\/uploads\/2020\/11\/attestra-images-generiques-bovin-3.jpg\",\"contentUrl\":\"https:\/\/attestra.com\/wp-content\/uploads\/2020\/11\/attestra-images-generiques-bovin-3.jpg\"},{\"@type\":\"BreadcrumbList\",\"@id\":\"https:\/\/attestra.com\/en\/documentation\/#breadcrumb\",\"itemListElement\":[{\"@type\":\"ListItem\",\"position\":1,\"name\":\"Home\",\"item\":\"https:\/\/attestra.com\/en\/\"},{\"@type\":\"ListItem\",\"position\":2,\"name\":\"Documentation\"}]},{\"@type\":\"WebSite\",\"@id\":\"https:\/\/attestra.com\/en\/#website\",\"url\":\"https:\/\/attestra.com\/en\/\",\"name\":\"Attestra\",\"description\":\"Attestra\",\"publisher\":{\"@id\":\"https:\/\/attestra.com\/en\/#organization\"},\"potentialAction\":[{\"@type\":\"SearchAction\",\"target\":{\"@type\":\"EntryPoint\",\"urlTemplate\":\"https:\/\/attestra.com\/en\/?s={search_term_string}\"},\"query-input\":{\"@type\":\"PropertyValueSpecification\",\"valueRequired\":true,\"valueName\":\"search_term_string\"}}],\"inLanguage\":\"en-US\"},{\"@type\":\"Organization\",\"@id\":\"https:\/\/attestra.com\/en\/#organization\",\"name\":\"Attestra\",\"url\":\"https:\/\/attestra.com\/en\/\",\"logo\":{\"@type\":\"ImageObject\",\"inLanguage\":\"en-US\",\"@id\":\"https:\/\/attestra.com\/en\/#\/schema\/logo\/image\/\",\"url\":\"https:\/\/attestra.com\/wp-content\/uploads\/2020\/10\/logo-attestra.svg\",\"contentUrl\":\"https:\/\/attestra.com\/wp-content\/uploads\/2020\/10\/logo-attestra.svg\",\"width\":655,\"height\":71,\"caption\":\"Attestra\"},\"image\":{\"@id\":\"https:\/\/attestra.com\/en\/#\/schema\/logo\/image\/\"}}]}<\/script>","yoast_head_json":{"title":"Documentation - Attestra","robots":{"index":"index","follow":"follow","max-snippet":"max-snippet:-1","max-image-preview":"max-image-preview:large","max-video-preview":"max-video-preview:-1"},"canonical":"https:\/\/attestra.com\/en\/documentation\/","og_locale":"en_US","og_type":"article","og_title":"Documentation - Attestra","og_description":"Documentation AllAnimaux d&#039;\u00e9l\u00e9vageSols contamin\u00e9sProjets Pilotes Animaux d\u2019\u00e9levage | Production bovine Attestra d\u00e9veloppe, met en place et maintient un syst\u00e8me de tra\u00e7abilit\u00e9 qui procure les avantages suivants : circonscrire et \u00e9liminer&#8230; Read more&#8230; Animaux d\u2019\u00e9levage | Production de cervid\u00e9s Attestra d\u00e9veloppe, met en place et maintient un syst\u00e8me de tra\u00e7abilit\u00e9 qui procure les avantages suivants : [&hellip;]","og_url":"https:\/\/attestra.com\/en\/documentation\/","og_site_name":"Attestra","article_modified_time":"2025-08-06T13:30:18+00:00","og_image":[{"url":"https:\/\/attestra.com\/wp-content\/uploads\/2020\/11\/attestra-images-generiques-bovin-3.jpg","type":"","width":"","height":""}],"twitter_card":"summary_large_image","twitter_misc":{"Est. reading time":"1 minute"},"schema":{"@context":"https:\/\/schema.org","@graph":[{"@type":"WebPage","@id":"https:\/\/attestra.com\/en\/documentation\/","url":"https:\/\/attestra.com\/en\/documentation\/","name":"Documentation - Attestra","isPartOf":{"@id":"https:\/\/attestra.com\/en\/#website"},"primaryImageOfPage":{"@id":"https:\/\/attestra.com\/en\/documentation\/#primaryimage"},"image":{"@id":"https:\/\/attestra.com\/en\/documentation\/#primaryimage"},"thumbnailUrl":"https:\/\/attestra.com\/wp-content\/uploads\/2020\/11\/attestra-images-generiques-bovin-3.jpg","datePublished":"2020-10-21T01:31:00+00:00","dateModified":"2025-08-06T13:30:18+00:00","breadcrumb":{"@id":"https:\/\/attestra.com\/en\/documentation\/#breadcrumb"},"inLanguage":"en-US","potentialAction":[{"@type":"ReadAction","target":["https:\/\/attestra.com\/en\/documentation\/"]}]},{"@type":"ImageObject","inLanguage":"en-US","@id":"https:\/\/attestra.com\/en\/documentation\/#primaryimage","url":"https:\/\/attestra.com\/wp-content\/uploads\/2020\/11\/attestra-images-generiques-bovin-3.jpg","contentUrl":"https:\/\/attestra.com\/wp-content\/uploads\/2020\/11\/attestra-images-generiques-bovin-3.jpg"},{"@type":"BreadcrumbList","@id":"https:\/\/attestra.com\/en\/documentation\/#breadcrumb","itemListElement":[{"@type":"ListItem","position":1,"name":"Home","item":"https:\/\/attestra.com\/en\/"},{"@type":"ListItem","position":2,"name":"Documentation"}]},{"@type":"WebSite","@id":"https:\/\/attestra.com\/en\/#website","url":"https:\/\/attestra.com\/en\/","name":"Attestra","description":"Attestra","publisher":{"@id":"https:\/\/attestra.com\/en\/#organization"},"potentialAction":[{"@type":"SearchAction","target":{"@type":"EntryPoint","urlTemplate":"https:\/\/attestra.com\/en\/?s={search_term_string}"},"query-input":{"@type":"PropertyValueSpecification","valueRequired":true,"valueName":"search_term_string"}}],"inLanguage":"en-US"},{"@type":"Organization","@id":"https:\/\/attestra.com\/en\/#organization","name":"Attestra","url":"https:\/\/attestra.com\/en\/","logo":{"@type":"ImageObject","inLanguage":"en-US","@id":"https:\/\/attestra.com\/en\/#\/schema\/logo\/image\/","url":"https:\/\/attestra.com\/wp-content\/uploads\/2020\/10\/logo-attestra.svg","contentUrl":"https:\/\/attestra.com\/wp-content\/uploads\/2020\/10\/logo-attestra.svg","width":655,"height":71,"caption":"Attestra"},"image":{"@id":"https:\/\/attestra.com\/en\/#\/schema\/logo\/image\/"}}]}},"_links":{"self":[{"href":"https:\/\/attestra.com\/en\/wp-json\/wp\/v2\/pages\/3647","targetHints":{"allow":["GET"]}}],"collection":[{"href":"https:\/\/attestra.com\/en\/wp-json\/wp\/v2\/pages"}],"about":[{"href":"https:\/\/attestra.com\/en\/wp-json\/wp\/v2\/types\/page"}],"author":[{"embeddable":true,"href":"https:\/\/attestra.com\/en\/wp-json\/wp\/v2\/users\/1"}],"replies":[{"embeddable":true,"href":"https:\/\/attestra.com\/en\/wp-json\/wp\/v2\/comments?post=3647"}],"version-history":[{"count":9,"href":"https:\/\/attestra.com\/en\/wp-json\/wp\/v2\/pages\/3647\/revisions"}],"predecessor-version":[{"id":16907,"href":"https:\/\/attestra.com\/en\/wp-json\/wp\/v2\/pages\/3647\/revisions\/16907"}],"wp:attachment":[{"href":"https:\/\/attestra.com\/en\/wp-json\/wp\/v2\/media?parent=3647"}],"curies":[{"name":"wp","href":"https:\/\/api.w.org\/{rel}","templated":true}]}}