{"id":3688,"date":"2020-10-20T21:30:46","date_gmt":"2020-10-21T01:30:46","guid":{"rendered":"https:\/\/attestra.com\/products-services\/"},"modified":"2025-08-06T09:13:27","modified_gmt":"2025-08-06T13:13:27","slug":"technological-solutions","status":"publish","type":"page","link":"https:\/\/attestra.com\/en\/technological-solutions\/","title":{"rendered":"Technological Solutions"},"content":{"rendered":"\t\t<div data-elementor-type=\"wp-page\" data-elementor-id=\"3688\" class=\"elementor elementor-3688 elementor-14\" data-elementor-post-type=\"page\">\n\t\t\t\t\t\t<section data-particle_enable=\"false\" data-particle-mobile-disabled=\"false\" class=\"elementor-section elementor-top-section elementor-element elementor-element-5f21299c elementor-section-height-min-height elementor-section-content-middle elementor-section-boxed elementor-section-height-default elementor-section-items-middle\" data-id=\"5f21299c\" data-element_type=\"section\" data-e-type=\"section\" data-settings=\"{&quot;background_background&quot;:&quot;classic&quot;}\">\n\t\t\t\t\t\t<div class=\"elementor-container elementor-column-gap-default\">\n\t\t\t\t\t<div class=\"elementor-column elementor-col-50 elementor-top-column elementor-element elementor-element-1e6750fd\" data-id=\"1e6750fd\" data-element_type=\"column\" data-e-type=\"column\">\n\t\t\t<div class=\"elementor-widget-wrap elementor-element-populated\">\n\t\t\t\t\t\t<div class=\"elementor-element elementor-element-66b0ba20 elementor-widget elementor-widget-heading\" data-id=\"66b0ba20\" data-element_type=\"widget\" data-e-type=\"widget\" data-widget_type=\"heading.default\">\n\t\t\t\t<div class=\"elementor-widget-container\">\n\t\t\t\t\t<h2 class=\"elementor-heading-title elementor-size-default\">Technological Solutions<\/h2>\t\t\t\t<\/div>\n\t\t\t\t<\/div>\n\t\t\t\t<div class=\"elementor-element elementor-element-f3539f9 elementor-widget elementor-widget-text-editor\" data-id=\"f3539f9\" data-element_type=\"widget\" data-e-type=\"widget\" data-widget_type=\"text-editor.default\">\n\t\t\t\t<div class=\"elementor-widget-container\">\n\t\t\t\t\t\t\t\t\t<p>Focused on implementing efficient and reliable solutions, our products and services are divided into three areas: traceability, technology and consulting services.<\/p>\n\t\t\t\t\t\t\t\t<\/div>\n\t\t\t\t<\/div>\n\t\t\t\t\t<\/div>\n\t\t<\/div>\n\t\t\t\t<div class=\"elementor-column elementor-col-50 elementor-top-column elementor-element elementor-element-1a7c6b43 elementor-hidden-tablet elementor-hidden-phone\" data-id=\"1a7c6b43\" data-element_type=\"column\" data-e-type=\"column\">\n\t\t\t<div class=\"elementor-widget-wrap\">\n\t\t\t\t\t\t\t<\/div>\n\t\t<\/div>\n\t\t\t\t\t<\/div>\n\t\t<\/section>\n\t\t\t\t<section data-particle_enable=\"false\" data-particle-mobile-disabled=\"false\" class=\"elementor-section elementor-top-section elementor-element elementor-element-20bd0e67 elementor-section-boxed elementor-section-height-default elementor-section-height-default\" data-id=\"20bd0e67\" data-element_type=\"section\" data-e-type=\"section\">\n\t\t\t\t\t\t<div class=\"elementor-container elementor-column-gap-default\">\n\t\t\t\t\t<div class=\"elementor-column elementor-col-100 elementor-top-column elementor-element elementor-element-15f7a33e\" data-id=\"15f7a33e\" data-element_type=\"column\" data-e-type=\"column\">\n\t\t\t<div class=\"elementor-widget-wrap elementor-element-populated\">\n\t\t\t\t\t\t<div class=\"elementor-element elementor-element-4bd8d338 elementor-align-left elementor-widget elementor-widget-global elementor-global-3550 elementor-global-335 elementor-widget-breadcrumbs\" data-id=\"4bd8d338\" data-element_type=\"widget\" data-e-type=\"widget\" data-widget_type=\"breadcrumbs.default\">\n\t\t\t\t<div class=\"elementor-widget-container\">\n\t\t\t\t\t<div id=\"breadcrumbs\"><span><span><a href=\"https:\/\/attestra.com\/en\/\">Home<\/a><\/span><\/span><\/div>\t\t\t\t<\/div>\n\t\t\t\t<\/div>\n\t\t\t\t\t<\/div>\n\t\t<\/div>\n\t\t\t\t\t<\/div>\n\t\t<\/section>\n\t\t\t\t<section data-particle_enable=\"false\" data-particle-mobile-disabled=\"false\" class=\"elementor-section elementor-top-section elementor-element elementor-element-1646f15 elementor-section-boxed elementor-section-height-default elementor-section-height-default\" data-id=\"1646f15\" data-element_type=\"section\" data-e-type=\"section\">\n\t\t\t\t\t\t<div class=\"elementor-container elementor-column-gap-default\">\n\t\t\t\t\t<div class=\"elementor-column elementor-col-100 elementor-top-column elementor-element elementor-element-20e8616a\" data-id=\"20e8616a\" data-element_type=\"column\" data-e-type=\"column\">\n\t\t\t<div class=\"elementor-widget-wrap elementor-element-populated\">\n\t\t\t\t\t\t<div class=\"elementor-element elementor-element-343d3940 elementor-widget elementor-widget-text-editor\" data-id=\"343d3940\" data-element_type=\"widget\" data-e-type=\"widget\" data-widget_type=\"text-editor.default\">\n\t\t\t\t<div class=\"elementor-widget-container\">\n\t\t\t\t\t\t\t\t\t<p>Attestra is a professional, innovative, and devoted team that accompanies you in your projects and makes sure to understand your needs. Our personnel are committed to optimizing their professional practices in order to offer you high-performance and adapted solutions.<\/p>\n\t\t\t\t\t\t\t\t<\/div>\n\t\t\t\t<\/div>\n\t\t\t\t<section data-particle_enable=\"false\" data-particle-mobile-disabled=\"false\" class=\"elementor-section elementor-inner-section elementor-element elementor-element-39991d5 elementor-reverse-mobile elementor-section-boxed elementor-section-height-default elementor-section-height-default elementor-invisible\" data-id=\"39991d5\" data-element_type=\"section\" data-e-type=\"section\" data-settings=\"{&quot;background_background&quot;:&quot;classic&quot;,&quot;animation&quot;:&quot;slideInRight&quot;}\">\n\t\t\t\t\t\t<div class=\"elementor-container elementor-column-gap-no\">\n\t\t\t\t\t<div class=\"elementor-column elementor-col-50 elementor-inner-column elementor-element elementor-element-8b1fa7b\" data-id=\"8b1fa7b\" data-element_type=\"column\" data-e-type=\"column\" data-settings=\"{&quot;background_background&quot;:&quot;classic&quot;}\">\n\t\t\t<div class=\"elementor-widget-wrap elementor-element-populated\">\n\t\t\t\t\t\t<div class=\"elementor-element elementor-element-2bba133 elementor-widget elementor-widget-heading\" data-id=\"2bba133\" data-element_type=\"widget\" data-e-type=\"widget\" data-widget_type=\"heading.default\">\n\t\t\t\t<div class=\"elementor-widget-container\">\n\t\t\t\t\t<h2 class=\"elementor-heading-title elementor-size-default\">Monitorage de l'utilisation des antibiotiques en sant\u00e9 animale (French only)<\/h2>\t\t\t\t<\/div>\n\t\t\t\t<\/div>\n\t\t\t\t<div class=\"elementor-element elementor-element-b3d37e2 elementor-widget elementor-widget-text-editor\" data-id=\"b3d37e2\" data-element_type=\"widget\" data-e-type=\"widget\" data-widget_type=\"text-editor.default\">\n\t\t\t\t<div class=\"elementor-widget-container\">\n\t\t\t\t\t\t\t\t\t<p>Le monitorage de l&#8217;utilisation des antibiotiques aidera \u00e0 orienter les politiques en mati\u00e8re de lutte contre l&#8217;antibior\u00e9sistance.<\/p>\n\t\t\t\t\t\t\t\t<\/div>\n\t\t\t\t<\/div>\n\t\t\t\t<div class=\"elementor-element elementor-element-4467e7b elementor-widget elementor-widget-button\" data-id=\"4467e7b\" data-element_type=\"widget\" data-e-type=\"widget\" data-widget_type=\"button.default\">\n\t\t\t\t<div class=\"elementor-widget-container\">\n\t\t\t\t\t\t\t\t\t<div class=\"elementor-button-wrapper\">\n\t\t\t\t\t<a class=\"elementor-button elementor-button-link elementor-size-sm\" href=\"https:\/\/attestra.com\/solutions-technologiques\/monitorage-des-antibiotiques\/\">\n\t\t\t\t\t\t<span class=\"elementor-button-content-wrapper\">\n\t\t\t\t\t\t\t\t\t<span class=\"elementor-button-text\">Find out more<\/span>\n\t\t\t\t\t<\/span>\n\t\t\t\t\t<\/a>\n\t\t\t\t<\/div>\n\t\t\t\t\t\t\t\t<\/div>\n\t\t\t\t<\/div>\n\t\t\t\t\t<\/div>\n\t\t<\/div>\n\t\t\t\t<div class=\"elementor-column elementor-col-50 elementor-inner-column elementor-element elementor-element-3799578\" data-id=\"3799578\" data-element_type=\"column\" data-e-type=\"column\" data-settings=\"{&quot;background_background&quot;:&quot;classic&quot;}\">\n\t\t\t<div class=\"elementor-widget-wrap elementor-element-populated\">\n\t\t\t\t\t\t<div class=\"elementor-element elementor-element-0294e2e elementor-hidden-desktop elementor-hidden-tablet elementor-widget elementor-widget-image\" data-id=\"0294e2e\" data-element_type=\"widget\" data-e-type=\"widget\" data-widget_type=\"image.default\">\n\t\t\t\t<div class=\"elementor-widget-container\">\n\t\t\t\t\t\t\t\t\t\t\t\t\t\t\t<img fetchpriority=\"high\" decoding=\"async\" width=\"564\" height=\"376\" src=\"https:\/\/attestra.com\/wp-content\/uploads\/2023\/12\/hand-holding-a-digital-pen-stats.png\" class=\"attachment-large size-large wp-image-13030\" alt=\"\" srcset=\"https:\/\/attestra.com\/wp-content\/uploads\/2023\/12\/hand-holding-a-digital-pen-stats.png 564w, https:\/\/attestra.com\/wp-content\/uploads\/2023\/12\/hand-holding-a-digital-pen-stats-300x200.png 300w\" sizes=\"(max-width: 564px) 100vw, 564px\" \/>\t\t\t\t\t\t\t\t\t\t\t\t\t\t\t<\/div>\n\t\t\t\t<\/div>\n\t\t\t\t\t<\/div>\n\t\t<\/div>\n\t\t\t\t\t<\/div>\n\t\t<\/section>\n\t\t\t\t<section data-particle_enable=\"false\" data-particle-mobile-disabled=\"false\" class=\"elementor-section elementor-inner-section elementor-element elementor-element-0da57e2 elementor-section-boxed elementor-section-height-default elementor-section-height-default elementor-invisible\" data-id=\"0da57e2\" data-element_type=\"section\" data-e-type=\"section\" data-settings=\"{&quot;background_background&quot;:&quot;classic&quot;,&quot;animation&quot;:&quot;slideInLeft&quot;}\">\n\t\t\t\t\t\t<div class=\"elementor-container elementor-column-gap-no\">\n\t\t\t\t\t<div class=\"elementor-column elementor-col-50 elementor-inner-column elementor-element elementor-element-ce68349\" data-id=\"ce68349\" data-element_type=\"column\" data-e-type=\"column\" data-settings=\"{&quot;background_background&quot;:&quot;classic&quot;}\">\n\t\t\t<div class=\"elementor-widget-wrap elementor-element-populated\">\n\t\t\t\t\t\t<div class=\"elementor-element elementor-element-ffd7b07 elementor-widget elementor-widget-image\" data-id=\"ffd7b07\" data-element_type=\"widget\" data-e-type=\"widget\" data-widget_type=\"image.default\">\n\t\t\t\t<div class=\"elementor-widget-container\">\n\t\t\t\t\t\t\t\t\t\t\t\t<figure class=\"wp-caption\">\n\t\t\t\t\t\t\t\t\t\t<img decoding=\"async\" width=\"564\" height=\"374\" src=\"https:\/\/attestra.com\/wp-content\/uploads\/2023\/12\/Solutions-technologiques\u200b.jpg\" class=\"attachment-full size-full wp-image-13032\" alt=\"\" srcset=\"https:\/\/attestra.com\/wp-content\/uploads\/2023\/12\/Solutions-technologiques\u200b.jpg 564w, https:\/\/attestra.com\/wp-content\/uploads\/2023\/12\/Solutions-technologiques\u200b-300x199.jpg 300w\" sizes=\"(max-width: 564px) 100vw, 564px\" \/>\t\t\t\t\t\t\t\t\t\t\t<figcaption class=\"widget-image-caption wp-caption-text\"><\/figcaption>\n\t\t\t\t\t\t\t\t\t\t<\/figure>\n\t\t\t\t\t\t\t\t\t<\/div>\n\t\t\t\t<\/div>\n\t\t\t\t\t<\/div>\n\t\t<\/div>\n\t\t\t\t<div class=\"elementor-column elementor-col-50 elementor-inner-column elementor-element elementor-element-fd685b9\" data-id=\"fd685b9\" data-element_type=\"column\" data-e-type=\"column\" data-settings=\"{&quot;background_background&quot;:&quot;classic&quot;}\">\n\t\t\t<div class=\"elementor-widget-wrap elementor-element-populated\">\n\t\t\t\t\t\t<div class=\"elementor-element elementor-element-9ed3dd3 elementor-widget elementor-widget-heading\" data-id=\"9ed3dd3\" data-element_type=\"widget\" data-e-type=\"widget\" data-widget_type=\"heading.default\">\n\t\t\t\t<div class=\"elementor-widget-container\">\n\t\t\t\t\t<h2 class=\"elementor-heading-title elementor-size-default\">Alatrace<\/h2>\t\t\t\t<\/div>\n\t\t\t\t<\/div>\n\t\t\t\t<div class=\"elementor-element elementor-element-6a166a1 elementor-widget elementor-widget-text-editor\" data-id=\"6a166a1\" data-element_type=\"widget\" data-e-type=\"widget\" data-widget_type=\"text-editor.default\">\n\t\t\t\t<div class=\"elementor-widget-container\">\n\t\t\t\t\t\t\t\t\t<div class=\"elementor-element elementor-element-69f72727 elementor-widget elementor-widget-text-editor\" data-id=\"69f72727\" data-element_type=\"widget\" data-widget_type=\"text-editor.default\">\n<div class=\"elementor-widget-container\">\n<p>The companion animal registry: a readily available solution at the service of your community!<\/p>\n<\/div>\n<p><\/div>\n\t\t\t\t\t\t\t\t<\/div>\n\t\t\t\t<\/div>\n\t\t\t\t<div class=\"elementor-element elementor-element-f8cbbe1 elementor-widget elementor-widget-button\" data-id=\"f8cbbe1\" data-element_type=\"widget\" data-e-type=\"widget\" data-widget_type=\"button.default\">\n\t\t\t\t<div class=\"elementor-widget-container\">\n\t\t\t\t\t\t\t\t\t<div class=\"elementor-button-wrapper\">\n\t\t\t\t\t<a class=\"elementor-button elementor-button-link elementor-size-sm\" href=\"https:\/\/attestra.com\/en\/technological-solutions\/alatrace\/\">\n\t\t\t\t\t\t<span class=\"elementor-button-content-wrapper\">\n\t\t\t\t\t\t\t\t\t<span class=\"elementor-button-text\">Find out more<\/span>\n\t\t\t\t\t<\/span>\n\t\t\t\t\t<\/a>\n\t\t\t\t<\/div>\n\t\t\t\t\t\t\t\t<\/div>\n\t\t\t\t<\/div>\n\t\t\t\t\t<\/div>\n\t\t<\/div>\n\t\t\t\t\t<\/div>\n\t\t<\/section>\n\t\t\t\t\t<\/div>\n\t\t<\/div>\n\t\t\t\t\t<\/div>\n\t\t<\/section>\n\t\t\t\t<\/div>\n\t\t","protected":false},"excerpt":{"rendered":"<p>Technological Solutions Focused on implementing efficient and reliable solutions, our products and services are divided into three areas: traceability, technology and consulting services. Attestra is a professional, innovative, and devoted team that accompanies you in your projects and makes sure to understand your needs. Our personnel are committed to optimizing their professional practices in order [&hellip;]<\/p>\n","protected":false},"author":1,"featured_media":0,"parent":0,"menu_order":3,"comment_status":"closed","ping_status":"closed","template":"","meta":{"_acf_changed":false,"footnotes":""},"class_list":["post-3688","page","type-page","status-publish","hentry"],"acf":[],"yoast_head":"<title>Technological Solutions<\/title>\n<meta name=\"description\" content=\"Focused on implementing efficient and reliable solutions, our products and services are divided into three areas: traceability, technology and consulting services.\" \/>\n<meta name=\"robots\" content=\"index, follow, max-snippet:-1, max-image-preview:large, max-video-preview:-1\" \/>\n<link rel=\"canonical\" href=\"https:\/\/attestra.com\/en\/technological-solutions\/\" \/>\n<meta property=\"og:locale\" content=\"en_US\" \/>\n<meta property=\"og:type\" content=\"article\" \/>\n<meta property=\"og:title\" content=\"Technological Solutions\" \/>\n<meta property=\"og:description\" content=\"Focused on implementing efficient and reliable solutions, our products and services are divided into three areas: traceability, technology and consulting services.\" \/>\n<meta property=\"og:url\" content=\"https:\/\/attestra.com\/en\/technological-solutions\/\" \/>\n<meta property=\"og:site_name\" content=\"Attestra\" \/>\n<meta property=\"article:modified_time\" content=\"2025-08-06T13:13:27+00:00\" \/>\n<meta property=\"og:image\" content=\"https:\/\/attestra.com\/wp-content\/uploads\/2023\/12\/hand-holding-a-digital-pen-stats.png\" \/>\n\t<meta property=\"og:image:width\" content=\"564\" \/>\n\t<meta property=\"og:image:height\" content=\"376\" \/>\n\t<meta property=\"og:image:type\" content=\"image\/png\" \/>\n<meta name=\"twitter:card\" content=\"summary_large_image\" \/>\n<meta name=\"twitter:label1\" content=\"Est. reading time\" \/>\n\t<meta name=\"twitter:data1\" content=\"2 minutes\" \/>\n<script type=\"application\/ld+json\" class=\"yoast-schema-graph\">{\"@context\":\"https:\/\/schema.org\",\"@graph\":[{\"@type\":\"WebPage\",\"@id\":\"https:\/\/attestra.com\/en\/technological-solutions\/\",\"url\":\"https:\/\/attestra.com\/en\/technological-solutions\/\",\"name\":\"Technological Solutions\",\"isPartOf\":{\"@id\":\"https:\/\/attestra.com\/en\/#website\"},\"primaryImageOfPage\":{\"@id\":\"https:\/\/attestra.com\/en\/technological-solutions\/#primaryimage\"},\"image\":{\"@id\":\"https:\/\/attestra.com\/en\/technological-solutions\/#primaryimage\"},\"thumbnailUrl\":\"https:\/\/attestra.com\/wp-content\/uploads\/2023\/12\/hand-holding-a-digital-pen-stats.png\",\"datePublished\":\"2020-10-21T01:30:46+00:00\",\"dateModified\":\"2025-08-06T13:13:27+00:00\",\"description\":\"Focused on implementing efficient and reliable solutions, our products and services are divided into three areas: traceability, technology and consulting services.\",\"breadcrumb\":{\"@id\":\"https:\/\/attestra.com\/en\/technological-solutions\/#breadcrumb\"},\"inLanguage\":\"en-US\",\"potentialAction\":[{\"@type\":\"ReadAction\",\"target\":[\"https:\/\/attestra.com\/en\/technological-solutions\/\"]}]},{\"@type\":\"ImageObject\",\"inLanguage\":\"en-US\",\"@id\":\"https:\/\/attestra.com\/en\/technological-solutions\/#primaryimage\",\"url\":\"https:\/\/attestra.com\/wp-content\/uploads\/2023\/12\/hand-holding-a-digital-pen-stats.png\",\"contentUrl\":\"https:\/\/attestra.com\/wp-content\/uploads\/2023\/12\/hand-holding-a-digital-pen-stats.png\"},{\"@type\":\"BreadcrumbList\",\"@id\":\"https:\/\/attestra.com\/en\/technological-solutions\/#breadcrumb\",\"itemListElement\":[{\"@type\":\"ListItem\",\"position\":1,\"name\":\"Home\",\"item\":\"https:\/\/attestra.com\/en\/\"},{\"@type\":\"ListItem\",\"position\":2,\"name\":\"Technological Solutions\"}]},{\"@type\":\"WebSite\",\"@id\":\"https:\/\/attestra.com\/en\/#website\",\"url\":\"https:\/\/attestra.com\/en\/\",\"name\":\"Attestra\",\"description\":\"Attestra\",\"publisher\":{\"@id\":\"https:\/\/attestra.com\/en\/#organization\"},\"potentialAction\":[{\"@type\":\"SearchAction\",\"target\":{\"@type\":\"EntryPoint\",\"urlTemplate\":\"https:\/\/attestra.com\/en\/?s={search_term_string}\"},\"query-input\":{\"@type\":\"PropertyValueSpecification\",\"valueRequired\":true,\"valueName\":\"search_term_string\"}}],\"inLanguage\":\"en-US\"},{\"@type\":\"Organization\",\"@id\":\"https:\/\/attestra.com\/en\/#organization\",\"name\":\"Attestra\",\"url\":\"https:\/\/attestra.com\/en\/\",\"logo\":{\"@type\":\"ImageObject\",\"inLanguage\":\"en-US\",\"@id\":\"https:\/\/attestra.com\/en\/#\/schema\/logo\/image\/\",\"url\":\"https:\/\/attestra.com\/wp-content\/uploads\/2020\/10\/logo-attestra.svg\",\"contentUrl\":\"https:\/\/attestra.com\/wp-content\/uploads\/2020\/10\/logo-attestra.svg\",\"width\":655,\"height\":71,\"caption\":\"Attestra\"},\"image\":{\"@id\":\"https:\/\/attestra.com\/en\/#\/schema\/logo\/image\/\"}}]}<\/script>","yoast_head_json":{"title":"Technological Solutions","description":"Focused on implementing efficient and reliable solutions, our products and services are divided into three areas: traceability, technology and consulting services.","robots":{"index":"index","follow":"follow","max-snippet":"max-snippet:-1","max-image-preview":"max-image-preview:large","max-video-preview":"max-video-preview:-1"},"canonical":"https:\/\/attestra.com\/en\/technological-solutions\/","og_locale":"en_US","og_type":"article","og_title":"Technological Solutions","og_description":"Focused on implementing efficient and reliable solutions, our products and services are divided into three areas: traceability, technology and consulting services.","og_url":"https:\/\/attestra.com\/en\/technological-solutions\/","og_site_name":"Attestra","article_modified_time":"2025-08-06T13:13:27+00:00","og_image":[{"width":564,"height":376,"url":"https:\/\/attestra.com\/wp-content\/uploads\/2023\/12\/hand-holding-a-digital-pen-stats.png","type":"image\/png"}],"twitter_card":"summary_large_image","twitter_misc":{"Est. reading time":"2 minutes"},"schema":{"@context":"https:\/\/schema.org","@graph":[{"@type":"WebPage","@id":"https:\/\/attestra.com\/en\/technological-solutions\/","url":"https:\/\/attestra.com\/en\/technological-solutions\/","name":"Technological Solutions","isPartOf":{"@id":"https:\/\/attestra.com\/en\/#website"},"primaryImageOfPage":{"@id":"https:\/\/attestra.com\/en\/technological-solutions\/#primaryimage"},"image":{"@id":"https:\/\/attestra.com\/en\/technological-solutions\/#primaryimage"},"thumbnailUrl":"https:\/\/attestra.com\/wp-content\/uploads\/2023\/12\/hand-holding-a-digital-pen-stats.png","datePublished":"2020-10-21T01:30:46+00:00","dateModified":"2025-08-06T13:13:27+00:00","description":"Focused on implementing efficient and reliable solutions, our products and services are divided into three areas: traceability, technology and consulting services.","breadcrumb":{"@id":"https:\/\/attestra.com\/en\/technological-solutions\/#breadcrumb"},"inLanguage":"en-US","potentialAction":[{"@type":"ReadAction","target":["https:\/\/attestra.com\/en\/technological-solutions\/"]}]},{"@type":"ImageObject","inLanguage":"en-US","@id":"https:\/\/attestra.com\/en\/technological-solutions\/#primaryimage","url":"https:\/\/attestra.com\/wp-content\/uploads\/2023\/12\/hand-holding-a-digital-pen-stats.png","contentUrl":"https:\/\/attestra.com\/wp-content\/uploads\/2023\/12\/hand-holding-a-digital-pen-stats.png"},{"@type":"BreadcrumbList","@id":"https:\/\/attestra.com\/en\/technological-solutions\/#breadcrumb","itemListElement":[{"@type":"ListItem","position":1,"name":"Home","item":"https:\/\/attestra.com\/en\/"},{"@type":"ListItem","position":2,"name":"Technological Solutions"}]},{"@type":"WebSite","@id":"https:\/\/attestra.com\/en\/#website","url":"https:\/\/attestra.com\/en\/","name":"Attestra","description":"Attestra","publisher":{"@id":"https:\/\/attestra.com\/en\/#organization"},"potentialAction":[{"@type":"SearchAction","target":{"@type":"EntryPoint","urlTemplate":"https:\/\/attestra.com\/en\/?s={search_term_string}"},"query-input":{"@type":"PropertyValueSpecification","valueRequired":true,"valueName":"search_term_string"}}],"inLanguage":"en-US"},{"@type":"Organization","@id":"https:\/\/attestra.com\/en\/#organization","name":"Attestra","url":"https:\/\/attestra.com\/en\/","logo":{"@type":"ImageObject","inLanguage":"en-US","@id":"https:\/\/attestra.com\/en\/#\/schema\/logo\/image\/","url":"https:\/\/attestra.com\/wp-content\/uploads\/2020\/10\/logo-attestra.svg","contentUrl":"https:\/\/attestra.com\/wp-content\/uploads\/2020\/10\/logo-attestra.svg","width":655,"height":71,"caption":"Attestra"},"image":{"@id":"https:\/\/attestra.com\/en\/#\/schema\/logo\/image\/"}}]}},"_links":{"self":[{"href":"https:\/\/attestra.com\/en\/wp-json\/wp\/v2\/pages\/3688","targetHints":{"allow":["GET"]}}],"collection":[{"href":"https:\/\/attestra.com\/en\/wp-json\/wp\/v2\/pages"}],"about":[{"href":"https:\/\/attestra.com\/en\/wp-json\/wp\/v2\/types\/page"}],"author":[{"embeddable":true,"href":"https:\/\/attestra.com\/en\/wp-json\/wp\/v2\/users\/1"}],"replies":[{"embeddable":true,"href":"https:\/\/attestra.com\/en\/wp-json\/wp\/v2\/comments?post=3688"}],"version-history":[{"count":17,"href":"https:\/\/attestra.com\/en\/wp-json\/wp\/v2\/pages\/3688\/revisions"}],"predecessor-version":[{"id":16889,"href":"https:\/\/attestra.com\/en\/wp-json\/wp\/v2\/pages\/3688\/revisions\/16889"}],"wp:attachment":[{"href":"https:\/\/attestra.com\/en\/wp-json\/wp\/v2\/media?parent=3688"}],"curies":[{"name":"wp","href":"https:\/\/api.w.org\/{rel}","templated":true}]}}